{"id":670,"date":"2015-01-27T15:20:41","date_gmt":"2015-01-27T15:20:41","guid":{"rendered":"http:\/\/www.kopareykir.com\/?page_id=670"},"modified":"2020-03-31T11:30:06","modified_gmt":"2020-03-31T11:30:06","slug":"sehenswuerdigkeiten","status":"publish","type":"page","link":"https:\/\/www.kopareykir.com\/?page_id=670","title":{"rendered":"Sehensw\u00fcrdigkeiten"},"content":{"rendered":"<ul>\n<li>Reykholt (~ 5 Minuten, 7 Km)\n<p><div id=\"attachment_677\" style=\"width: 188px\" class=\"wp-caption alignnone\"><img aria-describedby=\"caption-attachment-677\" loading=\"lazy\" class=\" wp-image-677\" src=\"http:\/\/www.kopareykir.com\/wp-content\/uploads\/DSC_0870-198x300.jpg\" alt=\"DSC_0870\" width=\"178\" height=\"270\" srcset=\"https:\/\/www.kopareykir.com\/wp-content\/uploads\/DSC_0870-198x300.jpg 198w, https:\/\/www.kopareykir.com\/wp-content\/uploads\/DSC_0870-678x1024.jpg 678w, https:\/\/www.kopareykir.com\/wp-content\/uploads\/DSC_0870.jpg 800w\" sizes=\"(max-width: 178px) 100vw, 178px\" \/><p id=\"caption-attachment-677\" class=\"wp-caption-text\">Snorri Sturluson Bad<\/p><\/div><\/li>\n<li>Deildartunguhver&nbsp;(~ 5 Minuten, 6 Km)<br \/>\n<a href=\"http:\/\/www.kopareykir.com\/wp-content\/uploads\/DSC_8471.jpg\"><img loading=\"lazy\" class=\"alignnone size-thumbnail wp-image-678\" src=\"http:\/\/www.kopareykir.com\/wp-content\/uploads\/DSC_8471-150x150.jpg\" alt=\"DSC_8471\" width=\"150\" height=\"150\"><\/a><\/li>\n<li>Hraunfossar &amp; Barnafoss (~ 15 Minuten, 17,5 Km)<br \/>\n<a href=\"http:\/\/www.kopareykir.com\/wp-content\/uploads\/DSC_9928.jpg\"><img loading=\"lazy\" class=\"alignnone size-thumbnail wp-image-679\" src=\"http:\/\/www.kopareykir.com\/wp-content\/uploads\/DSC_9928-150x150.jpg\" alt=\"DSC_9928\" width=\"150\" height=\"150\"><\/a><\/li>\n<li>H\u00fasafell&nbsp;(~ 20 Minuten, 23 Km)<\/li>\n<li>Gr\u00e1br\u00f3k&nbsp;(~ 25 Minuten, 35,5 Km)<br \/>\n<a href=\"http:\/\/www.kopareykir.com\/wp-content\/uploads\/DSC_0823.jpg\"><img loading=\"lazy\" class=\"alignnone size-thumbnail wp-image-683\" src=\"http:\/\/www.kopareykir.com\/wp-content\/uploads\/DSC_0823-150x150.jpg\" alt=\"DSC_0823\" width=\"150\" height=\"150\"><\/a><\/li>\n<li>Glanni&nbsp;(~ 25 Minuten, 35,5 Km)<\/li>\n<li>Borgarnes&nbsp;(~ 30 Minuten, 38 Km)<br \/>\n<a href=\"http:\/\/www.kopareykir.com\/wp-content\/uploads\/DSC_85671.jpg\"><img loading=\"lazy\" class=\"alignnone size-thumbnail wp-image-681\" src=\"http:\/\/www.kopareykir.com\/wp-content\/uploads\/DSC_85671-150x150.jpg\" alt=\"DSC_8567\" width=\"150\" height=\"150\"><\/a><\/li>\n<li>Sn\u00e6fellsness&nbsp;(~ 2h, 160 Km)<br \/>\n<a href=\"http:\/\/www.kopareykir.com\/wp-content\/uploads\/DSC_0810.jpg\"><img loading=\"lazy\" class=\"alignnone size-thumbnail wp-image-680\" src=\"http:\/\/www.kopareykir.com\/wp-content\/uploads\/DSC_0810-150x150.jpg\" alt=\"DSC_0810\" width=\"150\" height=\"150\"><\/a><\/li>\n<li>Goldener Ring&nbsp;(~ 1h 50 Minuten, 107 Km)<br \/>\n<a href=\"http:\/\/www.kopareykir.com\/wp-content\/uploads\/DSC_0308.jpg\"><img loading=\"lazy\" class=\"alignnone size-thumbnail wp-image-685\" src=\"http:\/\/www.kopareykir.com\/wp-content\/uploads\/DSC_0308-150x150.jpg\" alt=\"DSC_0308\" width=\"150\" height=\"150\"><\/a><\/li>\n<li>Schafsr\u00e9tt und der Stein mit Loch<br \/>\n<a href=\"http:\/\/www.kopareykir.com\/wp-content\/uploads\/DSC_8602.jpg\"><img loading=\"lazy\" class=\"alignnone size-thumbnail wp-image-682\" src=\"http:\/\/www.kopareykir.com\/wp-content\/uploads\/DSC_8602-150x150.jpg\" alt=\"DSC_8602\" width=\"150\" height=\"150\"><\/a><\/li>\n<li>H\u00f6hlen<\/li>\n<li>Golfpl\u00e4tze in N\u00e9s, H\u00fasafell, Borgarnes<\/li>\n<li>Schwimmb\u00e4der&nbsp;in H\u00fasafell, Borgarnes<\/li>\n<li>Schlucht von Rau\u00f0g\u00edl mit den Wasserf\u00e4llen<br \/>\n<a href=\"http:\/\/www.kopareykir.com\/wp-content\/uploads\/2013-09-20-939.jpg\"><img loading=\"lazy\" class=\"alignnone size-thumbnail wp-image-684\" src=\"http:\/\/www.kopareykir.com\/wp-content\/uploads\/2013-09-20-939-150x150.jpg\" alt=\"2013-09-20-939\" width=\"150\" height=\"150\"><\/a><\/li>\n<\/ul>\n","protected":false},"excerpt":{"rendered":"<p>Reykholt (~ 5 Minuten, 7 Km) Deildartunguhver&nbsp;(~ 5 Minuten, 6 Km) Hraunfossar &amp; Barnafoss (~ 15 Minuten, 17,5 Km) H\u00fasafell&nbsp;(~ 20 Minuten, 23 Km) Gr\u00e1br\u00f3k&nbsp;(~ 25 Minuten, 35,5 Km) Glanni&nbsp;(~ 25 Minuten, 35,5 Km) Borgarnes&nbsp;(~ 30 Minuten, 38 Km) Sn\u00e6fellsness&nbsp;(~ &hellip; <a href=\"https:\/\/www.kopareykir.com\/?page_id=670\">Weiterlesen <span class=\"meta-nav\">&rarr;<\/span><\/a><\/p>\n","protected":false},"author":1,"featured_media":0,"parent":17,"menu_order":1,"comment_status":"closed","ping_status":"closed","template":"","meta":[],"_links":{"self":[{"href":"https:\/\/www.kopareykir.com\/index.php?rest_route=\/wp\/v2\/pages\/670"}],"collection":[{"href":"https:\/\/www.kopareykir.com\/index.php?rest_route=\/wp\/v2\/pages"}],"about":[{"href":"https:\/\/www.kopareykir.com\/index.php?rest_route=\/wp\/v2\/types\/page"}],"author":[{"embeddable":true,"href":"https:\/\/www.kopareykir.com\/index.php?rest_route=\/wp\/v2\/users\/1"}],"replies":[{"embeddable":true,"href":"https:\/\/www.kopareykir.com\/index.php?rest_route=%2Fwp%2Fv2%2Fcomments&post=670"}],"version-history":[{"count":11,"href":"https:\/\/www.kopareykir.com\/index.php?rest_route=\/wp\/v2\/pages\/670\/revisions"}],"predecessor-version":[{"id":998,"href":"https:\/\/www.kopareykir.com\/index.php?rest_route=\/wp\/v2\/pages\/670\/revisions\/998"}],"up":[{"embeddable":true,"href":"https:\/\/www.kopareykir.com\/index.php?rest_route=\/wp\/v2\/pages\/17"}],"wp:attachment":[{"href":"https:\/\/www.kopareykir.com\/index.php?rest_route=%2Fwp%2Fv2%2Fmedia&parent=670"}],"curies":[{"name":"wp","href":"https:\/\/api.w.org\/{rel}","templated":true}]}}