{"id":529,"date":"2014-05-05T19:52:13","date_gmt":"2014-05-05T19:52:13","guid":{"rendered":"http:\/\/www.kopareykir.com\/?page_id=529"},"modified":"2015-05-06T15:57:12","modified_gmt":"2015-05-06T15:57:12","slug":"routenbeschreibung","status":"publish","type":"page","link":"https:\/\/www.kopareykir.com\/?page_id=529","title":{"rendered":"Routenbeschreibung"},"content":{"rendered":"<p>&#8211; vom Flughafen Richtung Reykjavik, allerdings nicht in die Stadt, sondern bei Reykjanesbraut\/Route 41 auffahren<br \/>\n&#8211; dann bei Vesturlandsvegur\/Route 49 auffahren Richtung Mosfellsb\u00e6r<br \/>\n&#8211; ab Mosfellsb\u00e6r ist der Hvalfja\u00f0arg\u00f6ng (Tunnel durch den Fjord) schon geschildert<br \/>\n&#8211; nach Tunnel im Kreisel die 1. Ausfahrt nehmen (auf dieser Stra\u00dfe ca 30Min. bleiben bis zur Br\u00fccke VOR Borgarnes)<br \/>\n&#8211; VOR der Br\u00fccke RECHTS abbiegen Richtung Reykholt (auf der Stra\u00dfe ca. 30Minuten bleiben)<br \/>\n&#8211; dann kommen Stra\u00dfenlaternen, Zebrastreifen, Gew\u00e4chsh\u00e4user und eine Schule da durch fahren bis danach auf einem gelben Schild LOGALAND kommt -&gt; abbiegen (vor einer kleinen Br\u00fccke, rechts und links der Stra\u00dfe sind dann 2-3 H\u00e4user)<br \/>\n&#8211; solange auf dieser &#8222;Stra\u00dfe&#8220; bleiben, bis auf der rechten Seite ein orangenes Haus kommt (ist K\u00f3pareykir geschildert)<\/p>\n<p>Wir freuen uns auf EUCH! \ud83d\ude42<\/p>\n<p><center><\/center>mit einem Klick auf die rote Nadel k\u00f6nnt ihr direkt eure Route berechnen lassen \ud83d\ude09<\/p>\n","protected":false},"excerpt":{"rendered":"<p>&#8211; vom Flughafen Richtung Reykjavik, allerdings nicht in die Stadt, sondern bei Reykjanesbraut\/Route 41 auffahren &#8211; dann bei Vesturlandsvegur\/Route 49 auffahren Richtung Mosfellsb\u00e6r &#8211; ab Mosfellsb\u00e6r ist der Hvalfja\u00f0arg\u00f6ng (Tunnel durch den Fjord) schon geschildert &#8211; nach Tunnel im Kreisel &hellip; <a href=\"https:\/\/www.kopareykir.com\/?page_id=529\">Weiterlesen <span class=\"meta-nav\">&rarr;<\/span><\/a><\/p>\n","protected":false},"author":1,"featured_media":0,"parent":29,"menu_order":0,"comment_status":"closed","ping_status":"closed","template":"","meta":[],"_links":{"self":[{"href":"https:\/\/www.kopareykir.com\/index.php?rest_route=\/wp\/v2\/pages\/529"}],"collection":[{"href":"https:\/\/www.kopareykir.com\/index.php?rest_route=\/wp\/v2\/pages"}],"about":[{"href":"https:\/\/www.kopareykir.com\/index.php?rest_route=\/wp\/v2\/types\/page"}],"author":[{"embeddable":true,"href":"https:\/\/www.kopareykir.com\/index.php?rest_route=\/wp\/v2\/users\/1"}],"replies":[{"embeddable":true,"href":"https:\/\/www.kopareykir.com\/index.php?rest_route=%2Fwp%2Fv2%2Fcomments&post=529"}],"version-history":[{"count":6,"href":"https:\/\/www.kopareykir.com\/index.php?rest_route=\/wp\/v2\/pages\/529\/revisions"}],"predecessor-version":[{"id":773,"href":"https:\/\/www.kopareykir.com\/index.php?rest_route=\/wp\/v2\/pages\/529\/revisions\/773"}],"up":[{"embeddable":true,"href":"https:\/\/www.kopareykir.com\/index.php?rest_route=\/wp\/v2\/pages\/29"}],"wp:attachment":[{"href":"https:\/\/www.kopareykir.com\/index.php?rest_route=%2Fwp%2Fv2%2Fmedia&parent=529"}],"curies":[{"name":"wp","href":"https:\/\/api.w.org\/{rel}","templated":true}]}}