{"id":484,"date":"2014-02-19T13:14:25","date_gmt":"2014-02-19T13:14:25","guid":{"rendered":"http:\/\/www.kopareykir.com\/?page_id=484"},"modified":"2021-04-19T19:01:47","modified_gmt":"2021-04-19T19:01:47","slug":"verkaufte-pferde","status":"publish","type":"page","link":"https:\/\/www.kopareykir.com\/?page_id=484","title":{"rendered":"Verkaufte Pferde"},"content":{"rendered":"<p style=\"padding-left: 120px; text-align: center;\">Bikar fr\u00e1 K\u00f3pareykjum<\/p>\n<p style=\"padding-left: 120px; text-align: center;\"><a href=\"http:\/\/www.kopareykir.com\/wordpress\/wp-content\/uploads\/Bikar_klein.jpg\"><img loading=\"lazy\" class=\"alignnone wp-image-94 size-medium\" src=\"http:\/\/www.kopareykir.com\/wp-content\/uploads\/Bikar_klein-300x168.jpg\" alt=\"Bikar_klein\" width=\"300\" height=\"168\" \/><\/a><\/p>\n<p style=\"padding-left: 120px; text-align: center;\"><a href=\"http:\/\/www.kopareykir.com\/wp-content\/uploads\/Kokteill-fr\u00e1-K\u00f3pareykjum.jpg\"><img loading=\"lazy\" class=\"alignnone size-medium wp-image-837\" src=\"http:\/\/www.kopareykir.com\/wp-content\/uploads\/Kokteill-fr\u00e1-K\u00f3pareykjum-300x233.jpg\" alt=\"Kokteill fr\u00e1 K\u00f3pareykjum\" width=\"300\" height=\"233\" srcset=\"https:\/\/www.kopareykir.com\/wp-content\/uploads\/Kokteill-fr\u00e1-K\u00f3pareykjum-300x233.jpg 300w, https:\/\/www.kopareykir.com\/wp-content\/uploads\/Kokteill-fr\u00e1-K\u00f3pareykjum.jpg 960w\" sizes=\"(max-width: 300px) 100vw, 300px\" \/><\/a><\/p>\n<p style=\"padding-left: 150px; text-align: center;\">\n<div class=\"text_exposed_root text_exposed\" style=\"text-align: center;\"><a href=\"http:\/\/www.kopareykir.com\/wp-content\/uploads\/Kommi-fr\u00e1-K\u00f3pareykjum.jpg\"><img loading=\"lazy\" class=\" size-medium wp-image-838 aligncenter\" src=\"http:\/\/www.kopareykir.com\/wp-content\/uploads\/Kommi-fr\u00e1-K\u00f3pareykjum-300x233.jpg\" alt=\"Kommi fr\u00e1 K\u00f3pareykjum\" width=\"300\" height=\"233\" srcset=\"https:\/\/www.kopareykir.com\/wp-content\/uploads\/Kommi-fr\u00e1-K\u00f3pareykjum-300x233.jpg 300w, https:\/\/www.kopareykir.com\/wp-content\/uploads\/Kommi-fr\u00e1-K\u00f3pareykjum.jpg 960w\" sizes=\"(max-width: 300px) 100vw, 300px\" \/><\/a><\/div>\n<p style=\"text-align: center;\">\n<p style=\"text-align: center;\"><a href=\"http:\/\/www.kopareykir.com\/wp-content\/uploads\/oskar.jpg\"><img loading=\"lazy\" class=\"alignnone size-medium wp-image-851\" src=\"http:\/\/www.kopareykir.com\/wp-content\/uploads\/oskar-300x233.jpg\" alt=\"oskar\" width=\"300\" height=\"233\" srcset=\"https:\/\/www.kopareykir.com\/wp-content\/uploads\/oskar-300x233.jpg 300w, https:\/\/www.kopareykir.com\/wp-content\/uploads\/oskar.jpg 960w\" sizes=\"(max-width: 300px) 100vw, 300px\" \/><\/a><\/p>\n<div id=\"attachment_537\" style=\"width: 251px\" class=\"wp-caption alignnone\"><a href=\"http:\/\/www.kopareykir.com\/wp-content\/uploads\/10428597_796783053685263_5217505355893310506_n.jpg\"><img aria-describedby=\"caption-attachment-537\" loading=\"lazy\" class=\" wp-image-537\" src=\"http:\/\/www.kopareykir.com\/wp-content\/uploads\/10428597_796783053685263_5217505355893310506_n-150x150.jpg\" alt=\"\" width=\"241\" height=\"240\" \/><\/a><p id=\"caption-attachment-537\" class=\"wp-caption-text\">Gulltoppur fr\u00e1 K\u00f3pareykjum<\/p><\/div>\n<div id=\"attachment_422\" style=\"width: 209px\" class=\"wp-caption alignnone\"><a href=\"http:\/\/www.kopareykir.com\/wp-content\/uploads\/DSC_1801-2.jpg\"><img aria-describedby=\"caption-attachment-422\" loading=\"lazy\" class=\"size-medium wp-image-422\" src=\"http:\/\/www.kopareykir.com\/wp-content\/uploads\/DSC_1801-2-199x300.jpg\" alt=\"\" width=\"199\" height=\"300\" srcset=\"https:\/\/www.kopareykir.com\/wp-content\/uploads\/DSC_1801-2-199x300.jpg 199w, https:\/\/www.kopareykir.com\/wp-content\/uploads\/DSC_1801-2.jpg 351w\" sizes=\"(max-width: 199px) 100vw, 199px\" \/><\/a><p id=\"caption-attachment-422\" class=\"wp-caption-text\">Viktor\u00eda fr\u00e1 K\u00f3pareykjum (IS2009235910)<\/p><\/div>\n<div id=\"attachment_575\" style=\"width: 310px\" class=\"wp-caption alignnone\"><a href=\"http:\/\/www.kopareykir.com\/wp-content\/uploads\/t\u00f6lt.jpg\"><img aria-describedby=\"caption-attachment-575\" loading=\"lazy\" class=\"size-medium wp-image-575\" src=\"http:\/\/www.kopareykir.com\/wp-content\/uploads\/t\u00f6lt-300x199.jpg\" alt=\"\" width=\"300\" height=\"199\" srcset=\"https:\/\/www.kopareykir.com\/wp-content\/uploads\/t\u00f6lt-300x199.jpg 300w, https:\/\/www.kopareykir.com\/wp-content\/uploads\/t\u00f6lt.jpg 960w\" sizes=\"(max-width: 300px) 100vw, 300px\" \/><\/a><p id=\"caption-attachment-575\" class=\"wp-caption-text\">Demantur fr\u00e1 K\u00f3pareykjum<\/p><\/div>\n<div id=\"attachment_783\" style=\"width: 221px\" class=\"wp-caption alignnone\"><a href=\"http:\/\/www.kopareykir.com\/wp-content\/uploads\/silf\u00fartoppur.jpg\"><img aria-describedby=\"caption-attachment-783\" loading=\"lazy\" class=\"wp-image-783 \" src=\"http:\/\/www.kopareykir.com\/wp-content\/uploads\/silf\u00fartoppur-e1433179123503-150x150.jpg\" alt=\"silf\u00fartoppur\" width=\"211\" height=\"211\" \/><\/a><p id=\"caption-attachment-783\" class=\"wp-caption-text\">IS2006135911 &#8211; Silfurtoppur fr\u00e1 K\u00f3pareykjum<\/p><\/div>\n<div id=\"attachment_501\" style=\"width: 310px\" class=\"wp-caption alignnone\"><a href=\"http:\/\/www.kopareykir.com\/wp-content\/uploads\/CIMG5983.jpg\"><img aria-describedby=\"caption-attachment-501\" loading=\"lazy\" class=\"size-medium wp-image-501\" src=\"http:\/\/www.kopareykir.com\/wp-content\/uploads\/CIMG5983-300x225.jpg\" alt=\" IS2006135912 - Dropi fr\u00e1 K\u00f3pareykjum\" width=\"300\" height=\"225\" srcset=\"https:\/\/www.kopareykir.com\/wp-content\/uploads\/CIMG5983-300x225.jpg 300w, https:\/\/www.kopareykir.com\/wp-content\/uploads\/CIMG5983-1024x768.jpg 1024w\" sizes=\"(max-width: 300px) 100vw, 300px\" \/><\/a><p id=\"caption-attachment-501\" class=\"wp-caption-text\">IS2006135912 &#8211; Dropi fr\u00e1 K\u00f3pareykjum<\/p><\/div>\n<div id=\"attachment_499\" style=\"width: 310px\" class=\"wp-caption alignnone\"><a href=\"http:\/\/www.kopareykir.com\/wp-content\/uploads\/CIMG6764.jpg\"><img aria-describedby=\"caption-attachment-499\" loading=\"lazy\" class=\"size-medium wp-image-499\" src=\"http:\/\/www.kopareykir.com\/wp-content\/uploads\/CIMG6764-300x225.jpg\" alt=\" IS2003135911 - Riddari fr\u00e1 K\u00f3pareykjum\" width=\"300\" height=\"225\" srcset=\"https:\/\/www.kopareykir.com\/wp-content\/uploads\/CIMG6764-300x225.jpg 300w, https:\/\/www.kopareykir.com\/wp-content\/uploads\/CIMG6764-1024x768.jpg 1024w\" sizes=\"(max-width: 300px) 100vw, 300px\" \/><\/a><p id=\"caption-attachment-499\" class=\"wp-caption-text\">IS2003135911 &#8211; Riddari fr\u00e1 K\u00f3pareykjum<\/p><\/div>\n<div id=\"attachment_502\" style=\"width: 310px\" class=\"wp-caption alignnone\"><a href=\"http:\/\/www.kopareykir.com\/wp-content\/uploads\/CIMG8060.jpg\"><img aria-describedby=\"caption-attachment-502\" loading=\"lazy\" class=\"size-medium wp-image-502\" src=\"http:\/\/www.kopareykir.com\/wp-content\/uploads\/CIMG8060-300x225.jpg\" alt=\" IS2006135910 - F\u00e1kur fr\u00e1 K\u00f3pareykjum\" width=\"300\" height=\"225\" srcset=\"https:\/\/www.kopareykir.com\/wp-content\/uploads\/CIMG8060-300x225.jpg 300w, https:\/\/www.kopareykir.com\/wp-content\/uploads\/CIMG8060-1024x768.jpg 1024w\" sizes=\"(max-width: 300px) 100vw, 300px\" \/><\/a><p id=\"caption-attachment-502\" class=\"wp-caption-text\">IS2006135910 &#8211; F\u00e1kur fr\u00e1 K\u00f3pareykjum<\/p><\/div>\n<div id=\"attachment_498\" style=\"width: 310px\" class=\"wp-caption alignnone\"><a href=\"http:\/\/www.kopareykir.com\/wp-content\/uploads\/CIMG6759.jpg\"><img aria-describedby=\"caption-attachment-498\" loading=\"lazy\" class=\"size-medium wp-image-498\" src=\"http:\/\/www.kopareykir.com\/wp-content\/uploads\/CIMG6759-300x261.jpg\" alt=\"IS2005135912 - Tvistur fr\u00e1 K\u00f3pareykjum\" width=\"300\" height=\"261\" srcset=\"https:\/\/www.kopareykir.com\/wp-content\/uploads\/CIMG6759-300x261.jpg 300w, https:\/\/www.kopareykir.com\/wp-content\/uploads\/CIMG6759.jpg 385w\" sizes=\"(max-width: 300px) 100vw, 300px\" \/><\/a><p id=\"caption-attachment-498\" class=\"wp-caption-text\">IS2005135912 &#8211; Tvistur fr\u00e1 K\u00f3pareykjum<\/p><\/div>\n<p style=\"text-align: center;\">IS2002135910 &#8211; Galsi fr\u00e1 K\u00f3pareykjum<\/p>\n<p style=\"padding-left: 120px; text-align: center;\">\n<p style=\"padding-left: 120px; text-align: center;\">\n<p style=\"padding-left: 150px; text-align: center;\">\n<p style=\"text-align: center;\">\n","protected":false},"excerpt":{"rendered":"<p>Bikar fr\u00e1 K\u00f3pareykjum IS2002135910 &#8211; Galsi fr\u00e1 K\u00f3pareykjum<\/p>\n","protected":false},"author":1,"featured_media":0,"parent":23,"menu_order":2,"comment_status":"closed","ping_status":"closed","template":"","meta":[],"_links":{"self":[{"href":"https:\/\/www.kopareykir.com\/index.php?rest_route=\/wp\/v2\/pages\/484"}],"collection":[{"href":"https:\/\/www.kopareykir.com\/index.php?rest_route=\/wp\/v2\/pages"}],"about":[{"href":"https:\/\/www.kopareykir.com\/index.php?rest_route=\/wp\/v2\/types\/page"}],"author":[{"embeddable":true,"href":"https:\/\/www.kopareykir.com\/index.php?rest_route=\/wp\/v2\/users\/1"}],"replies":[{"embeddable":true,"href":"https:\/\/www.kopareykir.com\/index.php?rest_route=%2Fwp%2Fv2%2Fcomments&post=484"}],"version-history":[{"count":21,"href":"https:\/\/www.kopareykir.com\/index.php?rest_route=\/wp\/v2\/pages\/484\/revisions"}],"predecessor-version":[{"id":1024,"href":"https:\/\/www.kopareykir.com\/index.php?rest_route=\/wp\/v2\/pages\/484\/revisions\/1024"}],"up":[{"embeddable":true,"href":"https:\/\/www.kopareykir.com\/index.php?rest_route=\/wp\/v2\/pages\/23"}],"wp:attachment":[{"href":"https:\/\/www.kopareykir.com\/index.php?rest_route=%2Fwp%2Fv2%2Fmedia&parent=484"}],"curies":[{"name":"wp","href":"https:\/\/api.w.org\/{rel}","templated":true}]}}