{"id":33,"date":"2013-09-04T11:11:52","date_gmt":"2013-09-04T11:11:52","guid":{"rendered":"http:\/\/www.kopareykir.com\/wordpress\/?page_id=33"},"modified":"2021-04-19T18:55:07","modified_gmt":"2021-04-19T18:55:07","slug":"verkaufspferde","status":"publish","type":"page","link":"https:\/\/www.kopareykir.com\/?page_id=33","title":{"rendered":"Verkaufspferde"},"content":{"rendered":"<h4 style=\"padding-left: 30px; text-align: center;\">Ein sch\u00f6nes Video \u00fcber Import\/Export: <a href=\"https:\/\/www.youtube.com\/watch?v=TjboLAnkXpw\">*klick*<\/a><\/h4>\n<p style=\"text-align: center; padding-left: 120px;\"><em><strong>Kvistur fr\u00e1 K\u00f3pareykjum (IS2008135911)<\/strong><\/em><\/p>\n<p style=\"text-align: center; padding-left: 120px;\"><a href=\"http:\/\/www.kopareykir.com\/wp-content\/uploads\/13510754_1210851755611722_8921003062790589397_n.jpg\"><img loading=\"lazy\" class=\"alignnone size-medium wp-image-953\" src=\"http:\/\/www.kopareykir.com\/wp-content\/uploads\/13510754_1210851755611722_8921003062790589397_n-300x200.jpg\" alt=\"13510754_1210851755611722_8921003062790589397_n\" width=\"300\" height=\"200\" srcset=\"https:\/\/www.kopareykir.com\/wp-content\/uploads\/13510754_1210851755611722_8921003062790589397_n-300x200.jpg 300w, https:\/\/www.kopareykir.com\/wp-content\/uploads\/13510754_1210851755611722_8921003062790589397_n.jpg 960w\" sizes=\"(max-width: 300px) 100vw, 300px\" \/><\/a><\/p>\n<h4 style=\"text-align: center; padding-left: 120px;\">(Blup 100)<\/h4>\n<h4 class=\"text_exposed_root text_exposed\" style=\"text-align: left; padding-left: 150px;\">Schicker, sensibler &#8222;Mini-Friese&#8220; (lange Doppelm\u00e4hne, gutes Geb\u00e4ude aber kein Riese), 5-G\u00e4nger mit klar getrennten G\u00e4ngen, geht super als Handpferd (ideal um Kinder mitzunehmen).<br \/>\nN\u00e4heres gerne auf Anfrage.<\/h4>\n<h4 style=\"padding-left: 150px;\">Geschlecht: Wallach<span class=\"text_exposed_show\"><br \/>\nStockma\u00df: 137cm<br \/>\nGeburtsjahr: 2008<br \/>\nFarbe: Rappe<br \/>\nPreis: 4000\u20ac<br \/>\nMutter: Kvika fr\u00e1 K\u00f3pareykjum<br \/>\nVater: Askur fr\u00e1 Steind\u00f3rsst\u00f6\u00f0um<br \/>\n<\/span><\/h4>\n<p style=\"text-align: center; padding-left: 120px;\"><span id=\"fbPhotoSnowliftCaption\" class=\"fbPhotosPhotoCaption\" tabindex=\"0\" data-ft=\"{\"><\/span><span id=\"fbPhotoSnowliftTagList\" class=\"fbPhotoTagList\"><span class=\"fcg\">\u00a0<\/span><\/span><\/p>\n<p style=\"padding-left: 150px;\">\n<div class=\"text_exposed_root text_exposed\" style=\"text-align: center;\"><\/div>\n<h3 class=\"text_exposed_root text_exposed\" style=\"padding-left: 120px; text-align: center;\"><strong>\u00der\u00f6stur fr\u00e1 K\u00f3pareykjum (IS2013135911)<\/strong><\/h3>\n<p style=\"padding-left: 210px;\"><a href=\"http:\/\/www.kopareykir.com\/wp-content\/uploads\/50104268_2244129575617263_1835749660321382400_n.jpg\"><img loading=\"lazy\" class=\"alignnone size-medium wp-image-959\" src=\"http:\/\/www.kopareykir.com\/wp-content\/uploads\/50104268_2244129575617263_1835749660321382400_n-169x300.jpg\" alt=\"50104268_2244129575617263_1835749660321382400_n\" width=\"169\" height=\"300\" srcset=\"https:\/\/www.kopareykir.com\/wp-content\/uploads\/50104268_2244129575617263_1835749660321382400_n-169x300.jpg 169w, https:\/\/www.kopareykir.com\/wp-content\/uploads\/50104268_2244129575617263_1835749660321382400_n.jpg 540w\" sizes=\"(max-width: 169px) 100vw, 169px\" \/><\/a><a href=\"http:\/\/www.kopareykir.com\/wp-content\/uploads\/50104279_2244128345617386_4545948803772973056_n.jpg\"><img loading=\"lazy\" class=\" size-medium wp-image-960 alignnone\" src=\"http:\/\/www.kopareykir.com\/wp-content\/uploads\/50104279_2244128345617386_4545948803772973056_n-169x300.jpg\" alt=\"50104279_2244128345617386_4545948803772973056_n\" width=\"169\" height=\"300\" srcset=\"https:\/\/www.kopareykir.com\/wp-content\/uploads\/50104279_2244128345617386_4545948803772973056_n-169x300.jpg 169w, https:\/\/www.kopareykir.com\/wp-content\/uploads\/50104279_2244128345617386_4545948803772973056_n.jpg 540w\" sizes=\"(max-width: 169px) 100vw, 169px\" \/><\/a><\/p>\n<p style=\"padding-left: 120px;\"><a href=\"http:\/\/www.kopareykir.com\/wp-content\/uploads\/thr\u00f6stur.jpg\"><img loading=\"lazy\" class=\" size-medium wp-image-850 aligncenter\" src=\"http:\/\/www.kopareykir.com\/wp-content\/uploads\/thr\u00f6stur-300x233.jpg\" alt=\"thr\u00f6stur\" width=\"300\" height=\"233\" srcset=\"https:\/\/www.kopareykir.com\/wp-content\/uploads\/thr\u00f6stur-300x233.jpg 300w, https:\/\/www.kopareykir.com\/wp-content\/uploads\/thr\u00f6stur.jpg 960w\" sizes=\"(max-width: 300px) 100vw, 300px\" \/><\/a><\/p>\n<h3 class=\"text_exposed_root text_exposed\" style=\"padding-left: 120px; text-align: left;\">Gro\u00dfer, weit entwickelter, Mausfalbschecke (Blup 105) mit Socken. Er besticht neben seiner speziellen Farbe durch ein gutes Geb\u00e4ude.<br \/>\nSein Vater \u00deristur ist ein Elitehengst (Gesamtnote 8,4). Seine Mutter ist eine bei allen beliebte flei\u00dfige &amp; flotte Naturt\u00f6lterin.<br \/>\nN\u00e4heres auf Anfrage.<\/h3>\n<h3 class=\"text_exposed_root text_exposed\" style=\"text-align: left; padding-left: 150px;\"><span class=\"text_exposed_show\"><br \/>\nGeschlecht: Wallach<br \/>\nGeburtsjahr: 2013<br \/>\nFarbe: Mausfalbschecke<br \/>\nPreis: 5000,- Euro<br \/>\nM: Svala fr\u00e1 Geirshl\u00ed\u00f0<br \/>\nV: \u00deristur fr\u00e1 \u00deorl\u00e1ksh\u00f6fn<\/span><\/h3>\n<h3 class=\"text_exposed_root text_exposed\" style=\"text-align: center;\"><\/h3>\n<h3 class=\"text_exposed_root text_exposed\" style=\"text-align: center;\"><em><strong>\u00deokki fr\u00e1 K\u00f3pareykjum (IS201313510)<\/strong><\/em><\/h3>\n<div class=\"text_exposed_root text_exposed\" style=\"text-align: center;\">\u00a0<a href=\"http:\/\/www.kopareykir.com\/wp-content\/uploads\/51356293_2278863805477173_5211685901637255168_n.jpg\"><img loading=\"lazy\" class=\"alignnone size-medium wp-image-952\" src=\"http:\/\/www.kopareykir.com\/wp-content\/uploads\/51356293_2278863805477173_5211685901637255168_n-300x169.jpg\" alt=\"51356293_2278863805477173_5211685901637255168_n\" width=\"300\" height=\"169\" srcset=\"https:\/\/www.kopareykir.com\/wp-content\/uploads\/51356293_2278863805477173_5211685901637255168_n-300x169.jpg 300w, https:\/\/www.kopareykir.com\/wp-content\/uploads\/51356293_2278863805477173_5211685901637255168_n.jpg 960w\" sizes=\"(max-width: 300px) 100vw, 300px\" \/><\/a><span class=\"text_exposed_show\"><a href=\"http:\/\/www.kopareykir.com\/wp-content\/uploads\/\u00deokki-fr\u00e1-K\u00f3pareykjum.jpg\"><img loading=\"lazy\" class=\" size-medium wp-image-839 aligncenter\" src=\"http:\/\/www.kopareykir.com\/wp-content\/uploads\/\u00deokki-fr\u00e1-K\u00f3pareykjum-300x200.jpg\" alt=\"\u00deokki fr\u00e1 K\u00f3pareykjum\" width=\"300\" height=\"200\" srcset=\"https:\/\/www.kopareykir.com\/wp-content\/uploads\/\u00deokki-fr\u00e1-K\u00f3pareykjum-300x200.jpg 300w, https:\/\/www.kopareykir.com\/wp-content\/uploads\/\u00deokki-fr\u00e1-K\u00f3pareykjum.jpg 960w\" sizes=\"(max-width: 300px) 100vw, 300px\" \/><\/a> <\/span><\/div>\n<p style=\"padding-left: 120px; text-align: left;\"><span id=\"fbPhotoSnowliftTagList\" class=\"fbPhotoTagList\">(Blup 110)<br \/>\nGro\u00dfes, sch\u00f6nes und vielversprechendes Jungpferd mit langem, hellem Behang, 5 &#8211; g\u00e4ngig veranlagt. Noch v\u00f6llig roh.<br \/>\nN\u00e4heres auf Anfrage.<\/span><\/p>\n<p style=\"padding-left: 150px; text-align: left;\"><span id=\"fbPhotoSnowliftTagList\" class=\"fbPhotoTagList\"><span class=\"text_exposed_show\"><br \/>\nGeschlecht: Wallach<br \/>\nStockma\u00df:<br \/>\nGeburtsjahr: 2013<br \/>\nFarbe: Fuchs mit hellem Behang<br \/>\nPreis: 2500,- Euro<br \/>\nM: \u00der\u00e1 fr\u00e1 Kletti<br \/>\nV: Visir fr\u00e1 Helgat\u00fani (VV: \u00d3mur fr\u00e1 Kvistum!)<\/span><\/span><\/p>\n<p style=\"padding-left: 150px; text-align: center;\"><strong><em><br \/>\nStr\u00f3kur fr\u00e1 K\u00f3pareykjum (IS2013135912)<\/em><\/strong><br \/>\n<a href=\"http:\/\/www.kopareykir.com\/wp-content\/uploads\/50020358_2243636575666563_2027044819330662400_n.jpg\"><img loading=\"lazy\" class=\" size-medium wp-image-955 aligncenter\" src=\"http:\/\/www.kopareykir.com\/wp-content\/uploads\/50020358_2243636575666563_2027044819330662400_n-300x169.jpg\" alt=\"50020358_2243636575666563_2027044819330662400_n\" width=\"300\" height=\"169\" srcset=\"https:\/\/www.kopareykir.com\/wp-content\/uploads\/50020358_2243636575666563_2027044819330662400_n-300x169.jpg 300w, https:\/\/www.kopareykir.com\/wp-content\/uploads\/50020358_2243636575666563_2027044819330662400_n.jpg 960w\" sizes=\"(max-width: 300px) 100vw, 300px\" \/><\/a><\/p>\n<p style=\"padding-left: 150px; text-align: left;\">(Blup 106)<br \/>\nGeschlecht: Wallach<span class=\"text_exposed_show\"><br \/>\nStockma\u00df: ca. 144 cm<br \/>\nGeburtsjahr: 2013<br \/>\nFarbe: Rappe<br \/>\nPreis: 2000\u20ac<br \/>\nMutter: Bl\u00f6kk fr\u00e1 St\u00f3ra-\u00c1si<br \/>\nVater: Stimpill fr\u00e1 Vatni<br \/>\n<\/span><\/p>\n","protected":false},"excerpt":{"rendered":"<p>Ein sch\u00f6nes Video \u00fcber Import\/Export: *klick* Kvistur fr\u00e1 K\u00f3pareykjum (IS2008135911) (Blup 100) Schicker, sensibler &#8222;Mini-Friese&#8220; (lange Doppelm\u00e4hne, gutes Geb\u00e4ude aber kein Riese), 5-G\u00e4nger mit klar getrennten G\u00e4ngen, geht super als Handpferd (ideal um Kinder mitzunehmen). N\u00e4heres gerne auf Anfrage. Geschlecht: &hellip; <a href=\"https:\/\/www.kopareykir.com\/?page_id=33\">Weiterlesen <span class=\"meta-nav\">&rarr;<\/span><\/a><\/p>\n","protected":false},"author":1,"featured_media":0,"parent":23,"menu_order":1,"comment_status":"closed","ping_status":"closed","template":"","meta":[],"_links":{"self":[{"href":"https:\/\/www.kopareykir.com\/index.php?rest_route=\/wp\/v2\/pages\/33"}],"collection":[{"href":"https:\/\/www.kopareykir.com\/index.php?rest_route=\/wp\/v2\/pages"}],"about":[{"href":"https:\/\/www.kopareykir.com\/index.php?rest_route=\/wp\/v2\/types\/page"}],"author":[{"embeddable":true,"href":"https:\/\/www.kopareykir.com\/index.php?rest_route=\/wp\/v2\/users\/1"}],"replies":[{"embeddable":true,"href":"https:\/\/www.kopareykir.com\/index.php?rest_route=%2Fwp%2Fv2%2Fcomments&post=33"}],"version-history":[{"count":159,"href":"https:\/\/www.kopareykir.com\/index.php?rest_route=\/wp\/v2\/pages\/33\/revisions"}],"predecessor-version":[{"id":1012,"href":"https:\/\/www.kopareykir.com\/index.php?rest_route=\/wp\/v2\/pages\/33\/revisions\/1012"}],"up":[{"embeddable":true,"href":"https:\/\/www.kopareykir.com\/index.php?rest_route=\/wp\/v2\/pages\/23"}],"wp:attachment":[{"href":"https:\/\/www.kopareykir.com\/index.php?rest_route=%2Fwp%2Fv2%2Fmedia&parent=33"}],"curies":[{"name":"wp","href":"https:\/\/api.w.org\/{rel}","templated":true}]}}