{"id":31,"date":"2013-09-04T11:11:33","date_gmt":"2013-09-04T11:11:33","guid":{"rendered":"http:\/\/www.kopareykir.com\/wordpress\/?page_id=31"},"modified":"2026-01-09T12:59:13","modified_gmt":"2026-01-09T12:59:13","slug":"reittouren","status":"publish","type":"page","link":"https:\/\/www.kopareykir.com\/?page_id=31","title":{"rendered":"Reittouren"},"content":{"rendered":"<p>Im Sommer werden wir verschiedene Reittouren durchf\u00fchren. Wir richten uns da ganz individuell nach den W\u00fcnschen und reiterlichen F\u00e4higkeiten unserer G\u00e4ste. Auch Handpferdetouren sind wieder in Planung! \ud83d\ude09<\/p>\n<p>Bei richtig grossen Reittouren ist das\u00a0besondere hier bei uns auf Island, dass alle trainierten Reitpferde als lose Herde mit auf die Tour genommen werden k\u00f6nnen.<\/p>\n<p>Eine Tour mit Touristen (max. 5 Personen) ist von Juni bis August m\u00f6glich.<\/p>\n<p>Neben den Reittouren mit loser Herde\u00a0sind\u00a0auch kleinere, individuell geplante Touren (z.B. 1-2 Tagen) mit Handpferden m\u00f6glich. Diese kann man dann ganz individuell auf\u00a0W\u00fcnsche, so wie reiterliche F\u00e4higkeiten\u00a0der Teilnehmer abstimmen!<\/p>\n<p style=\"padding-left: 60px;\"><img loading=\"lazy\" class=\"alignnone size-full wp-image-328\" src=\"http:\/\/www.kopareykir.com\/wp-content\/uploads\/isi.png\" alt=\"\" width=\"20\" height=\"20\" \/>\u00a0\u00a0\u00a0<strong>3-4-Tages Tour H\u00fasafell<\/strong><\/p>\n<p style=\"padding-left: 60px;\"><strong><img loading=\"lazy\" src=\"http:\/\/www.kopareykir.com\/wp-content\/uploads\/isi.png\" alt=\"\" width=\"20\" height=\"20\" \/>\u00a0 \u00a05-Tages Tour\u00a0Sn\u00e6fellsness<\/strong><\/p>\n<p style=\"padding-left: 60px;\"><strong><img loading=\"lazy\" src=\"http:\/\/www.kopareykir.com\/wp-content\/uploads\/isi.png\" alt=\"\" width=\"20\" height=\"20\" \/>\u00a0\u00a0\u00a0Mi\u00f0fossar-Tour <\/strong>(2 Reittage, 1 Turniertag)<\/p>\n<p>Bei Bedarf bieten wir auch kleine, gef\u00fchrte <strong>Ausritte<\/strong> f\u00fcr Touristen an (1-5 Personen).<br \/>\nHier sind alle willkommen, egal ob Kinder und Anf\u00e4nger oder ge\u00fcbte bis anspruchsvolle Reiter, wir finden das passende Pferd f\u00fcr jeden.<\/p>\n<p><span style=\"color: #000000;\"><strong><span style=\"text-decoration: underline;\">Preise ab 2026<\/span>\u00a0<\/strong>(pro Person):<\/span><br \/>\n1 Std. = 10.500,- ISK<br \/>\n2 Std. = 14.500 ISK<br \/>\n3 Std. = 18.500 ISK<br \/>\nTagestour = 21.000 ISK<\/p>\n<p><span style=\"color: #ff0000;\">% Preise 2026 f\u00fcr G\u00e4ste des G\u00e4stehauses:<\/span><br \/>\n1 Std. = 8.500 ISK<br \/>\n2 Std. = 12.500 ISK<br \/>\n3 Std. = 16.000 ISK<br \/>\nTagestour = 19.000 ISK<\/p>\n<h6>Info: Dies geschieht alles auf eigene Gefahr!<\/h6>\n","protected":false},"excerpt":{"rendered":"<p>Im Sommer werden wir verschiedene Reittouren durchf\u00fchren. Wir richten uns da ganz individuell nach den W\u00fcnschen und reiterlichen F\u00e4higkeiten unserer G\u00e4ste. Auch Handpferdetouren sind wieder in Planung! \ud83d\ude09 Bei richtig grossen Reittouren ist das\u00a0besondere hier bei uns auf Island, dass &hellip; <a href=\"https:\/\/www.kopareykir.com\/?page_id=31\">Weiterlesen <span class=\"meta-nav\">&rarr;<\/span><\/a><\/p>\n","protected":false},"author":1,"featured_media":0,"parent":23,"menu_order":4,"comment_status":"closed","ping_status":"closed","template":"","meta":[],"_links":{"self":[{"href":"https:\/\/www.kopareykir.com\/index.php?rest_route=\/wp\/v2\/pages\/31"}],"collection":[{"href":"https:\/\/www.kopareykir.com\/index.php?rest_route=\/wp\/v2\/pages"}],"about":[{"href":"https:\/\/www.kopareykir.com\/index.php?rest_route=\/wp\/v2\/types\/page"}],"author":[{"embeddable":true,"href":"https:\/\/www.kopareykir.com\/index.php?rest_route=\/wp\/v2\/users\/1"}],"replies":[{"embeddable":true,"href":"https:\/\/www.kopareykir.com\/index.php?rest_route=%2Fwp%2Fv2%2Fcomments&post=31"}],"version-history":[{"count":46,"href":"https:\/\/www.kopareykir.com\/index.php?rest_route=\/wp\/v2\/pages\/31\/revisions"}],"predecessor-version":[{"id":1049,"href":"https:\/\/www.kopareykir.com\/index.php?rest_route=\/wp\/v2\/pages\/31\/revisions\/1049"}],"up":[{"embeddable":true,"href":"https:\/\/www.kopareykir.com\/index.php?rest_route=\/wp\/v2\/pages\/23"}],"wp:attachment":[{"href":"https:\/\/www.kopareykir.com\/index.php?rest_route=%2Fwp%2Fv2%2Fmedia&parent=31"}],"curies":[{"name":"wp","href":"https:\/\/api.w.org\/{rel}","templated":true}]}}