{"id":29,"date":"2013-09-04T11:11:15","date_gmt":"2013-09-04T11:11:15","guid":{"rendered":"http:\/\/www.kopareykir.com\/wordpress\/?page_id=29"},"modified":"2020-03-31T11:34:47","modified_gmt":"2020-03-31T11:34:47","slug":"kontaktimpressum","status":"publish","type":"page","link":"https:\/\/www.kopareykir.com\/?page_id=29","title":{"rendered":"Kontakt\/Impressum"},"content":{"rendered":"<h4 style=\"text-align: center;\"><strong><em>Rebecca Dorn &amp; J\u00f3n Eyj\u00f3lfsson<\/em><\/strong><\/h4>\n<h4 style=\"text-align: center;\"><em>K\u00f3pareykir 1<\/em><br \/>\n<em>Borgarbygg\u00f0<\/em><br \/>\n<em>320 Reykholt<\/em><br \/>\n<em>ISLAND<\/em><\/h4>\n<p><center><\/center><\/p>\n<h4 style=\"text-align: center;\"><em>S\u00edmi (00354)4351137<\/em><br \/>\n<em>Rebecca Handy:&nbsp;(00354) 8425237<\/em><br \/>\n<em>J\u00f3n Handy:&nbsp;(00354) 8936538<\/em><\/h4>\n<h4 style=\"text-align: center;\"><em><a href=\"mailto:Kopareykir@emax.is\">Kopareykir@emax.is<\/a><\/em><\/h4>\n<h3 style=\"text-align: center;\">&nbsp;GPS-Daten:<\/h3>\n<address style=\"text-align: center;\">N 64\u00b065318<\/address>\n<address style=\"text-align: center;\">W 021\u00b032161<\/address>\n<p style=\"text-align: center;\">Routenbeschreibung<\/p>\n<address style=\"text-align: center;\">\n<p style=\"text-align: left;\">&#8211; vom Flughafen Richtung Reykjavik, allerdings nicht in die Stadt, sondern bei Reykjanesbraut\/Route 41 auffahren<br \/>\n&#8211; dann bei Vesturlandsvegur\/Route 49 auffahren Richtung Mosfellsb\u00e6r<br \/>\n&#8211; ab Mosfellsb\u00e6r ist der Hvalfja\u00f0arg\u00f6ng (Tunnel durch den Fjord) schon geschildert<br \/>\n&#8211; nach Tunnel im Kreisel die 1. Ausfahrt nehmen (auf dieser Stra\u00dfe ca 30Min. bleiben bis zur Br\u00fccke VOR Borgarnes)<br \/>\n&#8211; VOR der Br\u00fccke RECHTS abbiegen Richtung Reykholt (auf der Stra\u00dfe ca. 30Minuten bleiben)<br \/>\n&#8211; dann kommen Stra\u00dfenlaternen, Zebrastreifen, Gew\u00e4chsh\u00e4user und eine Schule da durch fahren bis danach auf einem gelben Schild LOGALAND kommt -&gt; abbiegen (vor einer kleinen Br\u00fccke, rechts und links der Stra\u00dfe sind dann 2-3 H\u00e4user)<br \/>\n&#8211; solange auf dieser &#8222;Stra\u00dfe&#8220; bleiben, bis auf der rechten Seite ein orangenes Haus kommt (ist K\u00f3pareykir geschildert)<\/p>\n<p style=\"text-align: left;\">Wir freuen uns auf EUCH! \ud83d\ude42<\/p>\n<\/address>\n<h4 style=\"text-align: left;\">Copyright by K\u00f3pareykir.&nbsp;Alle Bilder und Texte d\u00fcrfen nicht ohne schriftliches Einverst\u00e4ndnis kopiert und\/oder weiter verwendet werden.&nbsp;Alle Texte und Bilder unterliegen dem Copyright. Alle Rechte vorbehalten.&nbsp;Wer Rechtschreibfehler findet, darf sie auch behalten.&nbsp;F\u00fcr den Inhalt unserer Links \u00fcbernehmen wir keine Haftung.<\/h4>\n<address style=\"text-align: center;\">\n<h3 style=\"text-align: left;\"><b>Haftungsausschluss<\/b><\/h3>\n<h4 style=\"text-align: left;\">1. Inhalt des Onlineangebotes<\/h4>\n<h4 style=\"text-align: left;\">Der Anbieter \u00fcbernimmt keinerlei Gew\u00e4hr f\u00fcr die Aktualit\u00e4t, Korrektheit, Vollst\u00e4ndigkeit oder Qualit\u00e4t&nbsp;der bereitgestellten Informationen. Haftungsanspr\u00fcche gegen den Anbieter, welche sich auf Sch\u00e4den materieller&nbsp;oder ideeller Art beziehen, die durch die Nutzung oder Nichtnutzungder dargebotenen Informationen bzw.&nbsp;durch die Nutzung fehlerhafter und unvollst\u00e4ndiger Informationen verursacht wurden, sind grunds\u00e4tzlich&nbsp;ausgeschlossen, sofern seitensdes Anbieters kein nachweislich vors\u00e4tzliches oder grob fahrl\u00e4ssiges&nbsp;verschulden vorliegt.<\/h4>\n<h3 style=\"text-align: left;\"><b>Verweise und Links<\/b><\/h3>\n<h4 style=\"text-align: left;\">Bei direkten oder indirekten Verweisen auf fremde Webseiten (&#8222;Hyperlinks&#8220;), die au\u00dferhalb des&nbsp;Verantwortungsbereiches des Anbieters liegen, w\u00fcrde eine Haftungsverpflichtung ausschlie\u00dflich in&nbsp;dem Fall in Kraft treten, in dem der Anbieter von den Inhalten Kenntnis hat und es ihm technisch m\u00f6glich&nbsp;und zumutbar w\u00e4re, die Nutzung im Falle rechtswidriger Inhalte zu verhindern.&nbsp;Der Anbieter erkl\u00e4rt hiermit ausdr\u00fccklich, dass zum Zeitpunkt der Linksetzung keine illegalen Inhalte auf den zu&nbsp;verlinkenden Seiten erkennbar waren. Auf die aktuelle und zuk\u00fcnftige Gestaltung, die Inhalte oder&nbsp;die Urheberschaft der gelinkten\/verkn\u00fcpften Seiten hat der Anbieter keinerlei Einfluss. Deshalb distanziert er sich&nbsp;hiermit ausdr\u00fccklich von allen Inhalten aller gelinkten \/verkn\u00fcpften Seiten, die nach der Linksetzung ver\u00e4ndert&nbsp;wurden. Diese Feststellung gilt f\u00fcr alle innerhalb des eigenen Internetangebotes gesetzten Links und Verweise&nbsp;sowie f\u00fcr Fremdeintr\u00e4ge in vom Autor eingerichteten G\u00e4steb\u00fcchern, Diskussionsforen und Mailinglisten.&nbsp;F\u00fcr illegale, fehlerhafte oder unvollst\u00e4ndige Inhalte und insbesondere f\u00fcr Sch\u00e4den, die aus der Nutzung oder&nbsp;Nichtnutzung solcherart dargebotener Informationen entstehen, haftet allein der Anbieter der Seite, auf welche&nbsp;verwiesen wurde, nicht derjenige, der \u00fcber Links auf die jeweilige Ver\u00f6ffentlichung lediglich verweist.<\/h4>\n<h3 style=\"text-align: left;\"><b>3. Urheber- und Kennzeichenrecht<\/b><\/h3>\n<h4 style=\"text-align: left;\">Der Anbieter ist bestrebt, in allen Publikationen die Urheberrechte der verwendeten Grafiken und Texte zu beachten,&nbsp;von ihm selbst erstellte Grafiken, und Texte zu nutzen oder auf lizenzfreie Grafiken und Texte zur\u00fcckzugreifen.&nbsp;Alle innerhalb des Internetangebotes genannten und ggf. durch Dritte gesch\u00fctzten Marken- und&nbsp;Warenzeichen unterliegen uneingeschr\u00e4nkt den Bestimmungen des jeweils g\u00fcltigen Kennzeichenrechts&nbsp;und den Besitzrechten der jeweiligen eingetragenen Eigent\u00fcmer. Allein aufgrund der blo\u00dfen Nennung ist nicht&nbsp;der Schluss zu ziehen, dass Markenzeichen nicht durch Rechte Dritter gesch\u00fctzt sind.&nbsp;Das Copyright f\u00fcr ver\u00f6ffentlichte, vom Anbieter selbst erstellte Objekte bleibt allein beim Anbieter der Seiten.&nbsp;Eine Vervielf\u00e4ltigung oder Verwendung solcher Grafiken und Texte in anderen elektronischen oder gedruckten&nbsp;Publikationen ist ohne ausdr\u00fcckliche Zustimmung des Anbieters nicht gestattet.<\/h4>\n<h4 style=\"text-align: left;\"><b style=\"font-size: 1.2em;\">4. Datenschutz<\/b><\/h4>\n<h4 style=\"text-align: left;\">Sofern innerhalb des Internetangebotes die M\u00f6glichkeit zur Eingabe pers\u00f6nlicher oder gesch\u00e4ftlicher Daten&nbsp;(Emailadressen, Namen, Anschriften) besteht, so erfolgt die Preisgabe dieser Daten seitens des Nutzers&nbsp;auf ausdr\u00fccklich freiwilliger Basis. Die Inanspruchnahme und Bezahlung aller angebotenen Dienste ist&nbsp;&#8211; soweit technisch m\u00f6glich und zumutbar &#8211; auch ohne Angabe solcher Daten bzw. unter Angabe anonymisierten&nbsp;Daten oder eines Pseudonyms gestattet. Die Nutzung der im Rahmen des Impressums oder vergleichbarer Angaben&nbsp;ver\u00f6ffentlichten Kontaktdaten wie Postanschriften, Telefon- und Faxnummern sowie Emailadressen&nbsp;durch Dritte zur \u00dcbersendung von nicht ausdr\u00fccklich angeforderten Informationen ist nicht gestattet.&nbsp;Rechtliche Schritte gegen die Versender von sogenannten Spam-Mails bei Verst\u00f6ssen gegen dieses Verbot sind&nbsp;ausdr\u00fccklich vorbehalten.<\/h4>\n<h4 style=\"text-align: left;\"><b style=\"font-size: 1.2em;\">5. Rechtswirksamkeit dieses Haftungsausschlusses<\/b><\/h4>\n<h4 style=\"text-align: left;\">Dieser Haftungsausschluss ist als Teil des Internetangebotes zu betrachten,&nbsp;von dem aus auf diese Seite verwiesen wurde. Sofern Teile oder einzelne Formulierungen dieses Textes&nbsp;geltenden Rechtslage nicht, nicht mehr oder nicht vollst\u00e4ndig entsprechen sollten, bleiben die \u00fcbrigen&nbsp;Teile des Dokumentes in ihrem Inhalt und ihrer G\u00fcltigkeit davon unber\u00fchrt.<\/h4>\n<h4 style=\"text-align: left;\"><\/h4>\n<\/address>\n","protected":false},"excerpt":{"rendered":"<p>Rebecca Dorn &amp; J\u00f3n Eyj\u00f3lfsson K\u00f3pareykir 1 Borgarbygg\u00f0 320 Reykholt ISLAND S\u00edmi (00354)4351137 Rebecca Handy:&nbsp;(00354) 8425237 J\u00f3n Handy:&nbsp;(00354) 8936538 Kopareykir@emax.is &nbsp;GPS-Daten: N 64\u00b065318 W 021\u00b032161 Routenbeschreibung &#8211; vom Flughafen Richtung Reykjavik, allerdings nicht in die Stadt, sondern bei Reykjanesbraut\/Route 41 &hellip; <a href=\"https:\/\/www.kopareykir.com\/?page_id=29\">Weiterlesen <span class=\"meta-nav\">&rarr;<\/span><\/a><\/p>\n","protected":false},"author":1,"featured_media":0,"parent":0,"menu_order":8,"comment_status":"closed","ping_status":"closed","template":"","meta":[],"_links":{"self":[{"href":"https:\/\/www.kopareykir.com\/index.php?rest_route=\/wp\/v2\/pages\/29"}],"collection":[{"href":"https:\/\/www.kopareykir.com\/index.php?rest_route=\/wp\/v2\/pages"}],"about":[{"href":"https:\/\/www.kopareykir.com\/index.php?rest_route=\/wp\/v2\/types\/page"}],"author":[{"embeddable":true,"href":"https:\/\/www.kopareykir.com\/index.php?rest_route=\/wp\/v2\/users\/1"}],"replies":[{"embeddable":true,"href":"https:\/\/www.kopareykir.com\/index.php?rest_route=%2Fwp%2Fv2%2Fcomments&post=29"}],"version-history":[{"count":21,"href":"https:\/\/www.kopareykir.com\/index.php?rest_route=\/wp\/v2\/pages\/29\/revisions"}],"predecessor-version":[{"id":1004,"href":"https:\/\/www.kopareykir.com\/index.php?rest_route=\/wp\/v2\/pages\/29\/revisions\/1004"}],"wp:attachment":[{"href":"https:\/\/www.kopareykir.com\/index.php?rest_route=%2Fwp%2Fv2%2Fmedia&parent=29"}],"curies":[{"name":"wp","href":"https:\/\/api.w.org\/{rel}","templated":true}]}}