{"id":17,"date":"2013-09-04T11:08:56","date_gmt":"2013-09-04T11:08:56","guid":{"rendered":"http:\/\/www.kopareykir.com\/wordpress\/?page_id=17"},"modified":"2026-01-09T12:53:36","modified_gmt":"2026-01-09T12:53:36","slug":"gaestehaus","status":"publish","type":"page","link":"https:\/\/www.kopareykir.com\/?page_id=17","title":{"rendered":"G\u00e4stehaus"},"content":{"rendered":"<p><a href=\"http:\/\/www.kopareykir.com\/wp-content\/uploads\/sonnenuntergang.jpg\"><img loading=\"lazy\" class=\"aligncenter wp-image-786 size-medium\" src=\"http:\/\/www.kopareykir.com\/wp-content\/uploads\/sonnenuntergang-300x225.jpg\" alt=\"sonnenuntergang\" width=\"300\" height=\"225\" srcset=\"https:\/\/www.kopareykir.com\/wp-content\/uploads\/sonnenuntergang-300x225.jpg 300w, https:\/\/www.kopareykir.com\/wp-content\/uploads\/sonnenuntergang.jpg 960w\" sizes=\"(max-width: 300px) 100vw, 300px\" \/><\/a><a href=\"http:\/\/www.kopareykir.com\/wp-content\/uploads\/hauslicht.jpg\"><img loading=\"lazy\" class=\"size-medium wp-image-640 alignright\" title=\"aktuelles Foto\" src=\"http:\/\/www.kopareykir.com\/wp-content\/uploads\/hauslicht-300x199.jpg\" alt=\"hauslicht\" width=\"300\" height=\"199\" srcset=\"https:\/\/www.kopareykir.com\/wp-content\/uploads\/hauslicht-300x199.jpg 300w, https:\/\/www.kopareykir.com\/wp-content\/uploads\/hauslicht.jpg 960w\" sizes=\"(max-width: 300px) 100vw, 300px\" \/><\/a><\/p>\n<p style=\"text-align: left;\">Unser 2014 fertiggestelltes Holzg\u00e4stehaus (64 m\u00b2)\u00a0ist optimal f\u00fcr 5 Personen.<\/p>\n<p style=\"text-align: left;\">Es hat zwei gem\u00fctliche Zimmer, ein Doppelbettzimmer und ein Dreibettzimmer.<br \/>\nDas Badezimmer ist mit Dusche und WC ausgestattet. Bettw\u00e4sche und Handt\u00fccher sind vorhanden.<br \/>\nDer\u00a0Lichtdurchflutete Wohnbereich mit gro\u00dfer Fensterfront bietet bei gutem Wetter einen traumhaften Ausblick \u00fcber das Reykholtsdalur bis hin zum Sn\u00e6fellsnes Gletscher.<br \/>\nDer offene Raum unterteilt sich in Wohnbereich, Essecke und Kochzeile. Von hieraus besteht auch die M\u00f6glichkeit direkt auf den Holzsteg nach drau\u00dfen zu gehen, der bei sch\u00f6nem Wetter zum Drau\u00dfensitzen einl\u00e4dt.<br \/>\nDer hauseigene Garten (mit Sandkasten und Schaukel), sowie der Hotpot d\u00fcrfen bei Bedarf gerne mitgenutzt werden.<\/p>\n<p style=\"text-align: left;\"><a href=\"http:\/\/www.kopareykir.com\/wp-content\/uploads\/wohnzimmer.jpg\"><img loading=\"lazy\" class=\"alignnone size-medium wp-image-591\" src=\"http:\/\/www.kopareykir.com\/wp-content\/uploads\/wohnzimmer-300x164.jpg\" alt=\"wohnzimmer\" width=\"300\" height=\"164\" srcset=\"https:\/\/www.kopareykir.com\/wp-content\/uploads\/wohnzimmer-300x164.jpg 300w, https:\/\/www.kopareykir.com\/wp-content\/uploads\/wohnzimmer.jpg 960w\" sizes=\"(max-width: 300px) 100vw, 300px\" \/><\/a> <a href=\"http:\/\/www.kopareykir.com\/wp-content\/uploads\/k\u00fcche.jpg\"><img loading=\"lazy\" class=\"alignnone size-medium wp-image-589\" src=\"http:\/\/www.kopareykir.com\/wp-content\/uploads\/k\u00fcche-300x168.jpg\" alt=\"k\u00fcche\" width=\"300\" height=\"168\" srcset=\"https:\/\/www.kopareykir.com\/wp-content\/uploads\/k\u00fcche-300x168.jpg 300w, https:\/\/www.kopareykir.com\/wp-content\/uploads\/k\u00fcche.jpg 960w\" sizes=\"(max-width: 300px) 100vw, 300px\" \/><\/a> <a href=\"http:\/\/www.kopareykir.com\/wp-content\/uploads\/gelbes-zimmer.jpg\"><img loading=\"lazy\" class=\"alignnone size-medium wp-image-587\" src=\"http:\/\/www.kopareykir.com\/wp-content\/uploads\/gelbes-zimmer-300x168.jpg\" alt=\"gelbes zimmer\" width=\"300\" height=\"168\" srcset=\"https:\/\/www.kopareykir.com\/wp-content\/uploads\/gelbes-zimmer-300x168.jpg 300w, https:\/\/www.kopareykir.com\/wp-content\/uploads\/gelbes-zimmer.jpg 960w\" sizes=\"(max-width: 300px) 100vw, 300px\" \/><\/a> <a href=\"http:\/\/www.kopareykir.com\/wp-content\/uploads\/doeppelzimmer.jpg\"><img loading=\"lazy\" class=\"alignnone size-medium wp-image-585\" src=\"http:\/\/www.kopareykir.com\/wp-content\/uploads\/doeppelzimmer-300x168.jpg\" alt=\"doeppelzimmer\" width=\"300\" height=\"168\" srcset=\"https:\/\/www.kopareykir.com\/wp-content\/uploads\/doeppelzimmer-300x168.jpg 300w, https:\/\/www.kopareykir.com\/wp-content\/uploads\/doeppelzimmer.jpg 960w\" sizes=\"(max-width: 300px) 100vw, 300px\" \/><\/a> <a href=\"http:\/\/www.kopareykir.com\/wp-content\/uploads\/bad.jpg\"><img loading=\"lazy\" class=\"alignnone size-medium wp-image-584\" src=\"http:\/\/www.kopareykir.com\/wp-content\/uploads\/bad-300x168.jpg\" alt=\"bad\" width=\"300\" height=\"168\" srcset=\"https:\/\/www.kopareykir.com\/wp-content\/uploads\/bad-300x168.jpg 300w, https:\/\/www.kopareykir.com\/wp-content\/uploads\/bad.jpg 960w\" sizes=\"(max-width: 300px) 100vw, 300px\" \/>\u00a0<\/a><a href=\"http:\/\/www.kopareykir.com\/wp-content\/uploads\/hotpot.jpg\"><img loading=\"lazy\" class=\"alignnone size-medium wp-image-593\" src=\"http:\/\/www.kopareykir.com\/wp-content\/uploads\/hotpot-300x168.jpg\" alt=\"hotpot\" width=\"300\" height=\"168\" srcset=\"https:\/\/www.kopareykir.com\/wp-content\/uploads\/hotpot-300x168.jpg 300w, https:\/\/www.kopareykir.com\/wp-content\/uploads\/hotpot.jpg 960w\" sizes=\"(max-width: 300px) 100vw, 300px\" \/><\/a> <a href=\"http:\/\/www.kopareykir.com\/wp-content\/uploads\/DSC_9825.jpg\"><img loading=\"lazy\" class=\"alignnone size-medium wp-image-289\" src=\"http:\/\/www.kopareykir.com\/wp-content\/uploads\/DSC_9825-300x217.jpg\" alt=\"\" width=\"300\" height=\"217\" srcset=\"https:\/\/www.kopareykir.com\/wp-content\/uploads\/DSC_9825-300x217.jpg 300w, https:\/\/www.kopareykir.com\/wp-content\/uploads\/DSC_9825.jpg 800w\" sizes=\"(max-width: 300px) 100vw, 300px\" \/><\/a> <a href=\"http:\/\/www.kopareykir.com\/wp-content\/uploads\/Atli_Rebecca.jpg\"><img loading=\"lazy\" class=\"alignnone size-medium wp-image-267\" src=\"http:\/\/www.kopareykir.com\/wp-content\/uploads\/Atli_Rebecca-300x207.jpg\" alt=\"\" width=\"300\" height=\"207\" srcset=\"https:\/\/www.kopareykir.com\/wp-content\/uploads\/Atli_Rebecca-300x207.jpg 300w, https:\/\/www.kopareykir.com\/wp-content\/uploads\/Atli_Rebecca.jpg 1000w\" sizes=\"(max-width: 300px) 100vw, 300px\" \/><\/a><\/p>\n<p style=\"text-align: left;\">noch ein paar Bilder:<\/p>\n<p style=\"text-align: left;\"><a href=\"http:\/\/www.kopareykir.com\/wp-content\/uploads\/1509793_916064008423833_465425499310957825_n.jpg\"><img loading=\"lazy\" class=\"alignnone size-thumbnail wp-image-692\" src=\"http:\/\/www.kopareykir.com\/wp-content\/uploads\/1509793_916064008423833_465425499310957825_n-150x150.jpg\" alt=\"1509793_916064008423833_465425499310957825_n\" width=\"150\" height=\"150\" \/><\/a> <a href=\"http:\/\/www.kopareykir.com\/wp-content\/uploads\/10952250_916065161757051_7354451989617409506_n.jpg\"><img loading=\"lazy\" class=\"alignnone size-thumbnail wp-image-705\" src=\"http:\/\/www.kopareykir.com\/wp-content\/uploads\/10952250_916065161757051_7354451989617409506_n-150x150.jpg\" alt=\"10952250_916065161757051_7354451989617409506_n\" width=\"150\" height=\"150\" \/><\/a> <a href=\"http:\/\/www.kopareykir.com\/wp-content\/uploads\/10943903_916059221757645_3845992103103849599_n.jpg\"><img loading=\"lazy\" class=\"alignnone size-thumbnail wp-image-704\" src=\"http:\/\/www.kopareykir.com\/wp-content\/uploads\/10943903_916059221757645_3845992103103849599_n-150x150.jpg\" alt=\"10943903_916059221757645_3845992103103849599_n\" width=\"150\" height=\"150\" \/><\/a> <a href=\"http:\/\/www.kopareykir.com\/wp-content\/uploads\/10941912_916059921757575_4778710309728931290_n.jpg\"><img loading=\"lazy\" class=\"alignnone size-thumbnail wp-image-703\" src=\"http:\/\/www.kopareykir.com\/wp-content\/uploads\/10941912_916059921757575_4778710309728931290_n-150x150.jpg\" alt=\"10941912_916059921757575_4778710309728931290_n\" width=\"150\" height=\"150\" \/><\/a> <a href=\"http:\/\/www.kopareykir.com\/wp-content\/uploads\/10940517_916063598423874_8367476451458081064_n.jpg\"><img loading=\"lazy\" class=\"alignnone size-thumbnail wp-image-702\" src=\"http:\/\/www.kopareykir.com\/wp-content\/uploads\/10940517_916063598423874_8367476451458081064_n-150x150.jpg\" alt=\"10940517_916063598423874_8367476451458081064_n\" width=\"150\" height=\"150\" \/><\/a> <a href=\"http:\/\/www.kopareykir.com\/wp-content\/uploads\/10929135_916064015090499_5722806835061221488_n.jpg\"><img loading=\"lazy\" class=\"alignnone size-thumbnail wp-image-701\" src=\"http:\/\/www.kopareykir.com\/wp-content\/uploads\/10929135_916064015090499_5722806835061221488_n-150x150.jpg\" alt=\"10929135_916064015090499_5722806835061221488_n\" width=\"150\" height=\"150\" \/><\/a> <a href=\"http:\/\/www.kopareykir.com\/wp-content\/uploads\/10923566_916065211757046_4696722579949720363_n.jpg\"><img loading=\"lazy\" class=\"alignnone size-thumbnail wp-image-700\" src=\"http:\/\/www.kopareykir.com\/wp-content\/uploads\/10923566_916065211757046_4696722579949720363_n-150x150.jpg\" alt=\"10923566_916065211757046_4696722579949720363_n\" width=\"150\" height=\"150\" \/><\/a> <a href=\"http:\/\/www.kopareykir.com\/wp-content\/uploads\/10703768_843434749020093_1277758271988069271_n.jpg\"><img loading=\"lazy\" class=\"alignnone size-thumbnail wp-image-699\" src=\"http:\/\/www.kopareykir.com\/wp-content\/uploads\/10703768_843434749020093_1277758271988069271_n-150x150.jpg\" alt=\"10703768_843434749020093_1277758271988069271_n\" width=\"150\" height=\"150\" \/><\/a> <a href=\"http:\/\/www.kopareykir.com\/wp-content\/uploads\/10690055_916067101756857_8414218658450234623_n.jpg\"><img loading=\"lazy\" class=\"alignnone size-thumbnail wp-image-698\" src=\"http:\/\/www.kopareykir.com\/wp-content\/uploads\/10690055_916067101756857_8414218658450234623_n-150x150.jpg\" alt=\"10690055_916067101756857_8414218658450234623_n\" width=\"150\" height=\"150\" \/><\/a> <a href=\"http:\/\/www.kopareykir.com\/wp-content\/uploads\/10686753_876112955752272_2349439972387825557_n.jpg\"><img loading=\"lazy\" class=\"alignnone size-thumbnail wp-image-697\" src=\"http:\/\/www.kopareykir.com\/wp-content\/uploads\/10686753_876112955752272_2349439972387825557_n-150x150.jpg\" alt=\"10686753_876112955752272_2349439972387825557_n\" width=\"150\" height=\"150\" \/><\/a> <a href=\"http:\/\/www.kopareykir.com\/wp-content\/uploads\/10635972_843434739020094_6217022297006786044_n.jpg\"><img loading=\"lazy\" class=\"alignnone size-thumbnail wp-image-696\" src=\"http:\/\/www.kopareykir.com\/wp-content\/uploads\/10635972_843434739020094_6217022297006786044_n-150x150.jpg\" alt=\"10635972_843434739020094_6217022297006786044_n\" width=\"150\" height=\"150\" \/><\/a> <a href=\"http:\/\/www.kopareykir.com\/wp-content\/uploads\/10411983_916065171757050_211895800637860414_n.jpg\"><img loading=\"lazy\" class=\"alignnone size-thumbnail wp-image-695\" src=\"http:\/\/www.kopareykir.com\/wp-content\/uploads\/10411983_916065171757050_211895800637860414_n-150x150.jpg\" alt=\"10411983_916065171757050_211895800637860414_n\" width=\"150\" height=\"150\" \/><\/a> <a href=\"http:\/\/www.kopareykir.com\/wp-content\/uploads\/10373803_916063978423836_8126119922265795386_n.jpg\"><img loading=\"lazy\" class=\"alignnone size-thumbnail wp-image-694\" src=\"http:\/\/www.kopareykir.com\/wp-content\/uploads\/10373803_916063978423836_8126119922265795386_n-150x150.jpg\" alt=\"10373803_916063978423836_8126119922265795386_n\" width=\"150\" height=\"150\" \/><\/a> <a href=\"http:\/\/www.kopareykir.com\/wp-content\/uploads\/10259876_916063975090503_3763034662748460958_n.jpg\"><img loading=\"lazy\" class=\"alignnone size-thumbnail wp-image-693\" src=\"http:\/\/www.kopareykir.com\/wp-content\/uploads\/10259876_916063975090503_3763034662748460958_n-150x150.jpg\" alt=\"10259876_916063975090503_3763034662748460958_n\" width=\"150\" height=\"150\" \/><\/a><a href=\"http:\/\/www.kopareykir.com\/wp-content\/uploads\/1901379_1000328139997419_5506766640712132311_n.jpg\"><img loading=\"lazy\" class=\"alignnone wp-image-787 size-thumbnail\" src=\"http:\/\/www.kopareykir.com\/wp-content\/uploads\/1901379_1000328139997419_5506766640712132311_n-150x150.jpg\" alt=\"1901379_1000328139997419_5506766640712132311_n\" width=\"150\" height=\"150\" \/><\/a><a href=\"http:\/\/www.kopareykir.com\/wp-content\/uploads\/10480218_1000328526664047_3124476782439585387_n.jpg\"><img loading=\"lazy\" class=\"alignnone wp-image-788 size-thumbnail\" src=\"http:\/\/www.kopareykir.com\/wp-content\/uploads\/10480218_1000328526664047_3124476782439585387_n-150x150.jpg\" alt=\"10480218_1000328526664047_3124476782439585387_n\" width=\"150\" height=\"150\" \/><\/a><a href=\"http:\/\/www.kopareykir.com\/wp-content\/uploads\/11008600_1000328976664002_1926138316515436685_n.jpg\"><img loading=\"lazy\" class=\"alignnone wp-image-789 size-thumbnail\" src=\"http:\/\/www.kopareykir.com\/wp-content\/uploads\/11008600_1000328976664002_1926138316515436685_n-150x150.jpg\" alt=\"11008600_1000328976664002_1926138316515436685_n\" width=\"150\" height=\"150\" \/><\/a><a href=\"http:\/\/www.kopareykir.com\/wp-content\/uploads\/11659485_1000328793330687_3095608880409418649_n.jpg\"><img loading=\"lazy\" class=\"alignnone wp-image-790 size-thumbnail\" src=\"http:\/\/www.kopareykir.com\/wp-content\/uploads\/11659485_1000328793330687_3095608880409418649_n-150x150.jpg\" alt=\"11659485_1000328793330687_3095608880409418649_n\" width=\"150\" height=\"150\" \/><\/a><a href=\"http:\/\/www.kopareykir.com\/wp-content\/uploads\/11666075_1000328969997336_1110744165781519727_n.jpg\"><img loading=\"lazy\" class=\"alignnone wp-image-791 size-thumbnail\" src=\"http:\/\/www.kopareykir.com\/wp-content\/uploads\/11666075_1000328969997336_1110744165781519727_n-150x150.jpg\" alt=\"11666075_1000328969997336_1110744165781519727_n\" width=\"150\" height=\"150\" \/><\/a><a href=\"http:\/\/www.kopareykir.com\/wp-content\/uploads\/g\u00e4stehaus1.jpg\"><img loading=\"lazy\" class=\"alignnone size-medium wp-image-813\" src=\"http:\/\/www.kopareykir.com\/wp-content\/uploads\/g\u00e4stehaus1-300x200.jpg\" alt=\"g\u00e4stehaus\" width=\"300\" height=\"200\" srcset=\"https:\/\/www.kopareykir.com\/wp-content\/uploads\/g\u00e4stehaus1-300x200.jpg 300w, https:\/\/www.kopareykir.com\/wp-content\/uploads\/g\u00e4stehaus1.jpg 960w\" sizes=\"(max-width: 300px) 100vw, 300px\" \/><\/a><\/p>\n<p style=\"text-align: left;\"><span style=\"text-decoration: underline;\"><strong>Preise 2026:<\/strong><\/span><\/p>\n<p style=\"text-align: left;\"><em>1 Nacht\u00a0\u00a0\u00a0\u00a0 = 215<\/em><em>,- Euro\u00a0 \/32.000 ISK (2 Personen)<br \/>\n<\/em><em>3 N\u00e4chte\u00a0 = 550,- Euro\u00a0 \/82.000 ISK<br \/>\n1 Woche\u00a0\u00a0\u00a0= 960,- Euro \/ 143<\/em><em>.000 ISK<\/em><\/p>\n<p style=\"text-align: left;\"><em>jede weitere Person + 20,- Euro \/Tag 3.500 ISK<br \/>\nKinder unter 5 Jahre frei!<\/em><\/p>\n","protected":false},"excerpt":{"rendered":"<p>Unser 2014 fertiggestelltes Holzg\u00e4stehaus (64 m\u00b2)\u00a0ist optimal f\u00fcr 5 Personen. Es hat zwei gem\u00fctliche Zimmer, ein Doppelbettzimmer und ein Dreibettzimmer. Das Badezimmer ist mit Dusche und WC ausgestattet. Bettw\u00e4sche und Handt\u00fccher sind vorhanden. Der\u00a0Lichtdurchflutete Wohnbereich mit gro\u00dfer Fensterfront bietet bei &hellip; <a href=\"https:\/\/www.kopareykir.com\/?page_id=17\">Weiterlesen <span class=\"meta-nav\">&rarr;<\/span><\/a><\/p>\n","protected":false},"author":1,"featured_media":0,"parent":0,"menu_order":1,"comment_status":"closed","ping_status":"closed","template":"","meta":[],"_links":{"self":[{"href":"https:\/\/www.kopareykir.com\/index.php?rest_route=\/wp\/v2\/pages\/17"}],"collection":[{"href":"https:\/\/www.kopareykir.com\/index.php?rest_route=\/wp\/v2\/pages"}],"about":[{"href":"https:\/\/www.kopareykir.com\/index.php?rest_route=\/wp\/v2\/types\/page"}],"author":[{"embeddable":true,"href":"https:\/\/www.kopareykir.com\/index.php?rest_route=\/wp\/v2\/users\/1"}],"replies":[{"embeddable":true,"href":"https:\/\/www.kopareykir.com\/index.php?rest_route=%2Fwp%2Fv2%2Fcomments&post=17"}],"version-history":[{"count":73,"href":"https:\/\/www.kopareykir.com\/index.php?rest_route=\/wp\/v2\/pages\/17\/revisions"}],"predecessor-version":[{"id":1045,"href":"https:\/\/www.kopareykir.com\/index.php?rest_route=\/wp\/v2\/pages\/17\/revisions\/1045"}],"wp:attachment":[{"href":"https:\/\/www.kopareykir.com\/index.php?rest_route=%2Fwp%2Fv2%2Fmedia&parent=17"}],"curies":[{"name":"wp","href":"https:\/\/api.w.org\/{rel}","templated":true}]}}