{"id":15,"date":"2013-09-04T11:06:29","date_gmt":"2013-09-04T11:06:29","guid":{"rendered":"http:\/\/www.kopareykir.com\/wordpress\/?page_id=15"},"modified":"2020-03-31T11:33:13","modified_gmt":"2020-03-31T11:33:13","slug":"der-hof","status":"publish","type":"page","link":"https:\/\/www.kopareykir.com\/?page_id=15","title":{"rendered":"K\u00f3pareykir"},"content":{"rendered":"<p>K\u00f3pareykir ist ein kleiner, ruhig gelegener Schafs- und Pferdehof im Westen Islands bei Reykholt (38 Km von Borganes entfernt). Der Hof befindet sich in einem sch\u00f6nen, gr\u00fcnen Tal, dem Reykholtsdalur. Dieses Tal wird von dem Fluss Reykjadals\u00e1 durchschl\u00e4ngelt. Man sieht von hier aus sehr gut den Gletscher Er\u00edksj\u00f6kull und bei gutem Wetter kann man westlich sogar den Sn\u00e6fellsnesgletscher erkennen.<\/p>\n<div id='gallery-1' class='gallery galleryid-15 gallery-columns-3 gallery-size-thumbnail'><dl class='gallery-item'>\n\t\t\t<dt class='gallery-icon landscape'>\n\t\t\t\t<a href='https:\/\/www.kopareykir.com\/?attachment_id=916'><img width=\"150\" height=\"150\" src=\"https:\/\/www.kopareykir.com\/wp-content\/uploads\/22015202_10155913767849574_528522520_o-150x150.jpg\" class=\"attachment-thumbnail size-thumbnail\" alt=\"\" loading=\"lazy\" \/><\/a>\n\t\t\t<\/dt><\/dl><dl class='gallery-item'>\n\t\t\t<dt class='gallery-icon landscape'>\n\t\t\t\t<a href='https:\/\/www.kopareykir.com\/?attachment_id=917'><img width=\"150\" height=\"150\" src=\"https:\/\/www.kopareykir.com\/wp-content\/uploads\/22015262_10155913770254574_1660298466_o-150x150.jpg\" class=\"attachment-thumbnail size-thumbnail\" alt=\"\" loading=\"lazy\" \/><\/a>\n\t\t\t<\/dt><\/dl><dl class='gallery-item'>\n\t\t\t<dt class='gallery-icon landscape'>\n\t\t\t\t<a href='https:\/\/www.kopareykir.com\/?attachment_id=918'><img width=\"150\" height=\"150\" src=\"https:\/\/www.kopareykir.com\/wp-content\/uploads\/22015577_10155913769944574_1622615983_o-150x150.jpg\" class=\"attachment-thumbnail size-thumbnail\" alt=\"\" loading=\"lazy\" \/><\/a>\n\t\t\t<\/dt><\/dl><br style=\"clear: both\" \/><dl class='gallery-item'>\n\t\t\t<dt class='gallery-icon landscape'>\n\t\t\t\t<a href='https:\/\/www.kopareykir.com\/?attachment_id=919'><img width=\"150\" height=\"150\" src=\"https:\/\/www.kopareykir.com\/wp-content\/uploads\/22047193_10155913768044574_915791777_o-150x150.jpg\" class=\"attachment-thumbnail size-thumbnail\" alt=\"\" loading=\"lazy\" \/><\/a>\n\t\t\t<\/dt><\/dl><dl class='gallery-item'>\n\t\t\t<dt class='gallery-icon landscape'>\n\t\t\t\t<a href='https:\/\/www.kopareykir.com\/?attachment_id=920'><img width=\"150\" height=\"150\" src=\"https:\/\/www.kopareykir.com\/wp-content\/uploads\/22047216_10155913770699574_1627144371_o-150x150.jpg\" class=\"attachment-thumbnail size-thumbnail\" alt=\"\" loading=\"lazy\" \/><\/a>\n\t\t\t<\/dt><\/dl><dl class='gallery-item'>\n\t\t\t<dt class='gallery-icon landscape'>\n\t\t\t\t<a href='https:\/\/www.kopareykir.com\/?attachment_id=921'><img width=\"150\" height=\"150\" src=\"https:\/\/www.kopareykir.com\/wp-content\/uploads\/22050406_10155913769069574_1363452200_o-150x150.jpg\" class=\"attachment-thumbnail size-thumbnail\" alt=\"\" loading=\"lazy\" \/><\/a>\n\t\t\t<\/dt><\/dl><br style=\"clear: both\" \/><dl class='gallery-item'>\n\t\t\t<dt class='gallery-icon landscape'>\n\t\t\t\t<a href='https:\/\/www.kopareykir.com\/?attachment_id=902'><img width=\"150\" height=\"150\" src=\"https:\/\/www.kopareykir.com\/wp-content\/uploads\/17553625_1480139718682923_2476908723980962434_n-150x150.jpg\" class=\"attachment-thumbnail size-thumbnail\" alt=\"\" loading=\"lazy\" \/><\/a>\n\t\t\t<\/dt><\/dl><dl class='gallery-item'>\n\t\t\t<dt class='gallery-icon landscape'>\n\t\t\t\t<a href='https:\/\/www.kopareykir.com\/?attachment_id=899'><img width=\"150\" height=\"150\" src=\"https:\/\/www.kopareykir.com\/wp-content\/uploads\/15193556_1344070712289825_2847866307032268522_n-150x150.jpg\" class=\"attachment-thumbnail size-thumbnail\" alt=\"\" loading=\"lazy\" \/><\/a>\n\t\t\t<\/dt><\/dl><dl class='gallery-item'>\n\t\t\t<dt class='gallery-icon landscape'>\n\t\t\t\t<a href='https:\/\/www.kopareykir.com\/?attachment_id=860'><img width=\"150\" height=\"150\" src=\"https:\/\/www.kopareykir.com\/wp-content\/uploads\/943963_1129748423722056_1109500909143110573_n-150x150.jpg\" class=\"attachment-thumbnail size-thumbnail\" alt=\"\" loading=\"lazy\" \/><\/a>\n\t\t\t<\/dt><\/dl><br style=\"clear: both\" \/><dl class='gallery-item'>\n\t\t\t<dt class='gallery-icon landscape'>\n\t\t\t\t<a href='https:\/\/www.kopareykir.com\/?attachment_id=857'><img width=\"150\" height=\"150\" src=\"https:\/\/www.kopareykir.com\/wp-content\/uploads\/12717491_1122360024460896_5351068236011571497_n-150x150.jpg\" class=\"attachment-thumbnail size-thumbnail\" alt=\"\" loading=\"lazy\" \/><\/a>\n\t\t\t<\/dt><\/dl><dl class='gallery-item'>\n\t\t\t<dt class='gallery-icon landscape'>\n\t\t\t\t<a href='https:\/\/www.kopareykir.com\/?attachment_id=858'><img width=\"150\" height=\"150\" src=\"https:\/\/www.kopareykir.com\/wp-content\/uploads\/12718179_1122360084460890_1322656386338915701_n-150x150.jpg\" class=\"attachment-thumbnail size-thumbnail\" alt=\"\" loading=\"lazy\" \/><\/a>\n\t\t\t<\/dt><\/dl>\n\t\t\t<br style='clear: both' \/>\n\t\t<\/div>\n\n<p>Momentan leben hier auf dem Hof das Ehepaar Rebecca Dorn und J\u00f3n Eyj\u00f3lfsson mit ihrem Sohn Atli Reinhard und ihrer kleinen Tochter Eyd\u00eds \u00d3sk.<br \/>\nJ\u00f3n hat bereits drei gro\u00dfe T\u00f6chter. Helga, die \u00c4lteste lebt mit ihrem Partner G\u00edsli \u00de\u00f3r und ihren drei Kindern in Reykjavik.<br \/>\nHulda lebt in Borganes. Hr\u00f6nn, die J\u00fcngste geht noch in Akranes zur Schule und kommt gelegentlich am Wochenende.<\/p>\n<p><a href=\"http:\/\/www.kopareykir.com\/wp-content\/uploads\/atli-mit-seinen-schwestern.jpg\"><img loading=\"lazy\" src=\"http:\/\/www.kopareykir.com\/wp-content\/uploads\/atli-mit-seinen-schwestern-300x225.jpg\" alt=\"\" width=\"300\" height=\"225\"><\/a><\/p>\n<p>Unser Wetter: <a href=\"http:\/\/www.yr.no\/place\/Iceland\/Vesturland\/K%C3%B3pareykir\/\">*klick*<\/a><br \/>\nDie Nordlichterprognose: <a href=\"http:\/\/www.gi.alaska.edu\/AuroraForecast\/Europe\">*klick*<\/a><a href=\"http:\/\/www.gi.alaska.edu\/AuroraForecast\"><br \/>\n<\/a><\/p>\n","protected":false},"excerpt":{"rendered":"<p>K\u00f3pareykir ist ein kleiner, ruhig gelegener Schafs- und Pferdehof im Westen Islands bei Reykholt (38 Km von Borganes entfernt). Der Hof befindet sich in einem sch\u00f6nen, gr\u00fcnen Tal, dem Reykholtsdalur. Dieses Tal wird von dem Fluss Reykjadals\u00e1 durchschl\u00e4ngelt. Man sieht &hellip; <a href=\"https:\/\/www.kopareykir.com\/?page_id=15\">Weiterlesen <span class=\"meta-nav\">&rarr;<\/span><\/a><\/p>\n","protected":false},"author":1,"featured_media":0,"parent":0,"menu_order":0,"comment_status":"closed","ping_status":"closed","template":"","meta":[],"_links":{"self":[{"href":"https:\/\/www.kopareykir.com\/index.php?rest_route=\/wp\/v2\/pages\/15"}],"collection":[{"href":"https:\/\/www.kopareykir.com\/index.php?rest_route=\/wp\/v2\/pages"}],"about":[{"href":"https:\/\/www.kopareykir.com\/index.php?rest_route=\/wp\/v2\/types\/page"}],"author":[{"embeddable":true,"href":"https:\/\/www.kopareykir.com\/index.php?rest_route=\/wp\/v2\/users\/1"}],"replies":[{"embeddable":true,"href":"https:\/\/www.kopareykir.com\/index.php?rest_route=%2Fwp%2Fv2%2Fcomments&post=15"}],"version-history":[{"count":26,"href":"https:\/\/www.kopareykir.com\/index.php?rest_route=\/wp\/v2\/pages\/15\/revisions"}],"predecessor-version":[{"id":1000,"href":"https:\/\/www.kopareykir.com\/index.php?rest_route=\/wp\/v2\/pages\/15\/revisions\/1000"}],"wp:attachment":[{"href":"https:\/\/www.kopareykir.com\/index.php?rest_route=%2Fwp%2Fv2%2Fmedia&parent=15"}],"curies":[{"name":"wp","href":"https:\/\/api.w.org\/{rel}","templated":true}]}}